{"id":3821,"date":"2024-04-25T13:53:42","date_gmt":"2024-04-25T13:53:42","guid":{"rendered":"https:\/\/www.personalityhr.com\/souhlas-se-zpracovanim-osobnich-udaju\/"},"modified":"2024-04-25T13:53:43","modified_gmt":"2024-04-25T13:53:43","slug":"souhlas-se-zpracovanim-osobnich-udaju","status":"publish","type":"page","link":"https:\/\/www.personalityhr.com\/cz\/souhlas-se-zpracovanim-osobnich-udaju\/","title":{"rendered":"Souhlas se zpracov\u00e1n\u00edm osobn\u00edch \u00fadaj\u016f"},"content":{"rendered":"<p><strong>\u00a0<\/strong><div class=\"fusion-fullwidth fullwidth-box fusion-builder-row-1 nonhundred-percent-fullwidth non-hundred-percent-height-scrolling\"  style='background-color: rgba(255,255,255,0);background-position: center center;background-repeat: no-repeat;padding-top:50px;padding-right:0px;padding-bottom:50px;padding-left:0px;'><div class=\"fusion-builder-row fusion-row \"><div  class=\"fusion-layout-column fusion_builder_column fusion_builder_column_1_1 fusion-builder-column-0 fusion-one-full fusion-column-first fusion-column-last 1_1\"  style='margin-top:0px;margin-bottom:0px;'><div class=\"fusion-column-wrapper\" style=\"padding: 0px 0px 0px 0px;background-position:left top;background-repeat:no-repeat;-webkit-background-size:cover;-moz-background-size:cover;-o-background-size:cover;background-size:cover;\"   data-bg-url=\"\"><div class=\"fusion-text\"><p><strong>\u00a0<\/strong><\/p>\n<p>&#13;<\/p>\n<p align=\"JUSTIFY\">Ude\u013eujem t\u00fdmto svoj s\u00fahlas so spracovan\u00edm osobn\u00fdch \u00fadajov skupinou Personality <strong>na \u00fa\u010del mojej evidencie ako pr\u00edjemcu pracovn\u00fdch pon\u00fak alebo pon\u00fak na spolupr\u00e1cu (kandid\u00e1ta) v\u00a0datab\u00e1ze kandid\u00e1tov recruitingovej a\u00a0headhuntingovej skupiny spolo\u010dnost\u00ed PERSONALITY.<\/strong><\/p>\n<p>&#13;<\/p>\n<h3 class=\"wp-block-heading\" align=\"JUSTIFY\">Tento s\u00fahlas zah\u0155\u0148a nasledovn\u00e9 sprac\u00favanie osobn\u00fdch \u00fadajov:<\/h3>\n<p>&#13;<\/p>\n<p align=\"JUSTIFY\">Skupina PERSONALITY (spolo\u010dnosti Personality, s.r.o., I\u010cO 44 549 733 a Personality Leasing Services, s.r.o., I\u010cO: 45 275 742 , obe so s\u00eddlom Sv\u00e4toplukovo n\u00e1mestie 1\/B, Nitra a Personality HR Consulting, s.r.o., I\u010cO 021 55 982, so s\u00eddlom Rybn\u00e1 716\/24, Star\u00e9 M\u011bsto, Praha 1, \u010cR) na uveden\u00fd \u00fa\u010del z\u00edskava a sprac\u00fava moje osobn\u00e9 \u00fadaje z registra\u010dn\u00e9ho formul\u00e1ra (meno, priezvisko, titul, d\u00e1tum narodenia, adresa, email, telef\u00f3nne \u010d\u00edslo, profesijn\u00e1 hist\u00f3ria, jazykov\u00e9 znalosti, vzdelanie, mzdov\u00e9 o\u010dak\u00e1vania, kari\u00e9rne preferencie), osobn\u00e9 \u00fadaje zo \u017eivotopisu a \u010fal\u0161\u00edch dokumentov, ktor\u00e9 som poskytol zdie\u013ea moje osobn\u00e9 \u00fadaje so svojimi klientami a bude ma kontaktova\u0165, ak m\u00e1 zamestn\u00e1vate\u013e z\u00e1ujem o pracovn\u00fd pohovor alebo viac inform\u00e1ci\u00ed o mne, alebo ak ma skupina PERSONALITY odpor\u00fa\u010da ako vhodn\u00e9ho kandid\u00e1ta. Skupina PERSONALITY ma tie\u017e m\u00f4\u017ee kontaktova\u0165 a oslovova\u0165 v pr\u00edpade, \u017ee sa dozvie o pracovn\u00fdch poz\u00edci\u00e1ch pre m\u0148a vhodn\u00fdch, alebo aby doplnila a upresnila \u00fadaje o mne vo svojej datab\u00e1ze alebo aby mi poskytla inform\u00e1cie o mo\u017enostiach vzdel\u00e1vania alebo doplnenia kvalifik\u00e1cie, aby som roz\u0161\u00edril svoje vzdelanie alebo znalosti. S\u00fa\u010das\u0165ou sprac\u00favania osobn\u00fdch \u00fadajov PERSONALITY je tie\u017e profilovanie <strong>a tento s\u00fahlas ude\u013eujem v\u00fdslovne aj na profilovanie,<\/strong> teda automatizovan\u00e9 spracovanie osobn\u00fdch \u00fadajov na vyhodnotenie ur\u010dit\u00fdch charakterist\u00edk kandid\u00e1ta (najm\u00e4 vzdelania, praxe) a na z\u00e1klade toho vyh\u013eadanie vhodnej poz\u00edcie. Nevykon\u00e1vame v\u0161ak automatizovan\u00e9 rozhodovanie na z\u00e1klade tak\u00e9hoto profilovania, ani profilovanie nem\u00e1 pr\u00e1vne \u00fa\u010dinky pre kandid\u00e1ta.<\/p>\n<p>&#13;<\/p>\n<p align=\"JUSTIFY\">Potvrdzujem, \u017ee tento s\u00fahlas ude\u013eujem <strong>dobrovo\u013ene<\/strong> a beriem na vedomie, \u017ee ho m\u00f4\u017eem kedyko\u013evek odvola\u0165. Odvolanie s\u00fahlasu nem\u00e1 vplyv na z\u00e1konnos\u0165 sprac\u00favania pred jeho odvolan\u00edm. Odvola\u0165 s\u00fahlas je mo\u017en\u00e9 emailom na adrese <a href=\"mailto:data@personalityhr.sk\">data@personalityhr.com<\/a> alebo p\u00edsomne na adrese Personality, s.r.o., Sv\u00e4toplukovo n\u00e1mestie 1\/B, 949 01 Nitra, SR. Ak s\u00fahlas nie je odvolan\u00fd sk\u00f4r, plat\u00ed 3 roky od udelenia.<\/p>\n<p>&#13;<\/p>\n<p align=\"JUSTIFY\">Beriem tie\u017e na vedomie, \u017ee moje osobn\u00e9 \u00fadaje bud\u00fa poskytovan\u00e9 tret\u00edm osob\u00e1m, klientom skupiny PERSONALITY, ktor\u00fdmi s\u00fa najm\u00e4 s\u00fakromn\u00e9 v\u00fdrobn\u00e9, technologick\u00e9, informa\u010dn\u00e9 a obchodn\u00e9 spolo\u010dnosti so s\u00eddlom v Eur\u00f3pskej \u00fanii. Podrobn\u00e9 inform\u00e1cie o spracovan\u00ed mojich osobn\u00fdch \u00fadajov, ich pr\u00edjemcoch a o mojich pr\u00e1vach s\u00fa na str\u00e1nke &#8220;<a href=\"https:\/\/www.personalityhr.com\/cz\/informace-pro-dotcene-osoby-o-ochrane-osobnich-udaju\/#kandidat-link\" target=\"_blank\" rel=\"noopener\">Inform\u00e1cie pre dotknut\u00e9 osoby o ochrane osobn\u00fdch \u00fadajov<\/a>&#8221;\u00a0a\u00a0potvrdzujem, \u017ee som sa s\u00a0nimi obozn\u00e1mil\/a pred udelen\u00edm s\u00fahlasu.<\/p>\n<p>&#13;<\/p>\n<\/div><div class=\"fusion-clearfix\"><\/div><\/div><\/div><\/div><\/div>","protected":false},"excerpt":{"rendered":"<p>\u00a0<\/p>\n","protected":false},"author":3,"featured_media":0,"parent":0,"menu_order":0,"comment_status":"closed","ping_status":"open","template":"","meta":{"footnotes":""},"class_list":["post-3821","page","type-page","status-publish","hentry"],"acf":[],"yoast_head":"<!-- This site is optimized with the Yoast SEO plugin v26.9 - https:\/\/yoast.com\/product\/yoast-seo-wordpress\/ -->\n<title>Souhlas se zpracov\u00e1n\u00edm osobn\u00edch \u00fadaj\u016f - Personality<\/title>\n<meta name=\"robots\" content=\"index, follow, max-snippet:-1, max-image-preview:large, max-video-preview:-1\" \/>\n<link rel=\"canonical\" href=\"https:\/\/www.personalityhr.com\/cz\/souhlas-se-zpracovanim-osobnich-udaju\/\" \/>\n<meta property=\"og:locale\" content=\"en_US\" \/>\n<meta property=\"og:type\" content=\"article\" \/>\n<meta property=\"og:title\" content=\"Souhlas se zpracov\u00e1n\u00edm osobn\u00edch \u00fadaj\u016f - Personality\" \/>\n<meta property=\"og:description\" content=\"\u00a0\" \/>\n<meta property=\"og:url\" content=\"https:\/\/www.personalityhr.com\/cz\/souhlas-se-zpracovanim-osobnich-udaju\/\" \/>\n<meta property=\"og:site_name\" content=\"Personality\" \/>\n<meta property=\"article:publisher\" content=\"https:\/\/www.facebook.com\/PersonalitySKCZ\/\" \/>\n<meta property=\"article:modified_time\" content=\"2024-04-25T13:53:43+00:00\" \/>\n<meta property=\"og:image\" content=\"https:\/\/www.personalityhr.com\/wp-content\/uploads\/2020\/07\/preview-1.jpg\" \/>\n\t<meta property=\"og:image:width\" content=\"1080\" \/>\n\t<meta property=\"og:image:height\" content=\"564\" \/>\n\t<meta property=\"og:image:type\" content=\"image\/jpeg\" \/>\n<meta name=\"twitter:card\" content=\"summary_large_image\" \/>\n<meta name=\"twitter:label1\" content=\"Est. reading time\" \/>\n\t<meta name=\"twitter:data1\" content=\"3 minutes\" \/>\n<script type=\"application\/ld+json\" class=\"yoast-schema-graph\">{\"@context\":\"https:\/\/schema.org\",\"@graph\":[{\"@type\":\"WebPage\",\"@id\":\"https:\/\/www.personalityhr.com\/cz\/souhlas-se-zpracovanim-osobnich-udaju\/\",\"url\":\"https:\/\/www.personalityhr.com\/cz\/souhlas-se-zpracovanim-osobnich-udaju\/\",\"name\":\"Souhlas se zpracov\u00e1n\u00edm osobn\u00edch \u00fadaj\u016f - Personality\",\"isPartOf\":{\"@id\":\"https:\/\/www.personalityhr.com\/#website\"},\"datePublished\":\"2024-04-25T13:53:42+00:00\",\"dateModified\":\"2024-04-25T13:53:43+00:00\",\"breadcrumb\":{\"@id\":\"https:\/\/www.personalityhr.com\/cz\/souhlas-se-zpracovanim-osobnich-udaju\/#breadcrumb\"},\"inLanguage\":\"cz-CZ\",\"potentialAction\":[{\"@type\":\"ReadAction\",\"target\":[\"https:\/\/www.personalityhr.com\/cz\/souhlas-se-zpracovanim-osobnich-udaju\/\"]}]},{\"@type\":\"BreadcrumbList\",\"@id\":\"https:\/\/www.personalityhr.com\/cz\/souhlas-se-zpracovanim-osobnich-udaju\/#breadcrumb\",\"itemListElement\":[{\"@type\":\"ListItem\",\"position\":1,\"name\":\"Domovsk\u00e1 str\u00e1nka\",\"item\":\"https:\/\/www.personalityhr.com\/cz\/\"},{\"@type\":\"ListItem\",\"position\":2,\"name\":\"Souhlas se zpracov\u00e1n\u00edm osobn\u00edch \u00fadaj\u016f\"}]},{\"@type\":\"WebSite\",\"@id\":\"https:\/\/www.personalityhr.com\/#website\",\"url\":\"https:\/\/www.personalityhr.com\/\",\"name\":\"Personality\",\"description\":\"\",\"publisher\":{\"@id\":\"https:\/\/www.personalityhr.com\/#organization\"},\"potentialAction\":[{\"@type\":\"SearchAction\",\"target\":{\"@type\":\"EntryPoint\",\"urlTemplate\":\"https:\/\/www.personalityhr.com\/?s={search_term_string}\"},\"query-input\":{\"@type\":\"PropertyValueSpecification\",\"valueRequired\":true,\"valueName\":\"search_term_string\"}}],\"inLanguage\":\"cz-CZ\"},{\"@type\":\"Organization\",\"@id\":\"https:\/\/www.personalityhr.com\/#organization\",\"name\":\"Personality\",\"url\":\"https:\/\/www.personalityhr.com\/\",\"logo\":{\"@type\":\"ImageObject\",\"inLanguage\":\"cz-CZ\",\"@id\":\"https:\/\/www.personalityhr.com\/#\/schema\/logo\/image\/\",\"url\":\"https:\/\/www.personalityhr.com\/wp-content\/uploads\/2020\/05\/logo-new-black.png\",\"contentUrl\":\"https:\/\/www.personalityhr.com\/wp-content\/uploads\/2020\/05\/logo-new-black.png\",\"width\":176,\"height\":50,\"caption\":\"Personality\"},\"image\":{\"@id\":\"https:\/\/www.personalityhr.com\/#\/schema\/logo\/image\/\"},\"sameAs\":[\"https:\/\/www.facebook.com\/PersonalitySKCZ\/\",\"https:\/\/www.linkedin.com\/company\/personalityhr\/\",\"https:\/\/www.youtube.com\/channel\/UCNpM-Pod4mE08n9qF3xeDbw\"]}]}<\/script>\n<!-- \/ Yoast SEO plugin. -->","yoast_head_json":{"title":"Souhlas se zpracov\u00e1n\u00edm osobn\u00edch \u00fadaj\u016f - Personality","robots":{"index":"index","follow":"follow","max-snippet":"max-snippet:-1","max-image-preview":"max-image-preview:large","max-video-preview":"max-video-preview:-1"},"canonical":"https:\/\/www.personalityhr.com\/cz\/souhlas-se-zpracovanim-osobnich-udaju\/","og_locale":"en_US","og_type":"article","og_title":"Souhlas se zpracov\u00e1n\u00edm osobn\u00edch \u00fadaj\u016f - Personality","og_description":"\u00a0","og_url":"https:\/\/www.personalityhr.com\/cz\/souhlas-se-zpracovanim-osobnich-udaju\/","og_site_name":"Personality","article_publisher":"https:\/\/www.facebook.com\/PersonalitySKCZ\/","article_modified_time":"2024-04-25T13:53:43+00:00","og_image":[{"width":1080,"height":564,"url":"https:\/\/www.personalityhr.com\/wp-content\/uploads\/2020\/07\/preview-1.jpg","type":"image\/jpeg"}],"twitter_card":"summary_large_image","twitter_misc":{"Est. reading time":"3 minutes"},"schema":{"@context":"https:\/\/schema.org","@graph":[{"@type":"WebPage","@id":"https:\/\/www.personalityhr.com\/cz\/souhlas-se-zpracovanim-osobnich-udaju\/","url":"https:\/\/www.personalityhr.com\/cz\/souhlas-se-zpracovanim-osobnich-udaju\/","name":"Souhlas se zpracov\u00e1n\u00edm osobn\u00edch \u00fadaj\u016f - Personality","isPartOf":{"@id":"https:\/\/www.personalityhr.com\/#website"},"datePublished":"2024-04-25T13:53:42+00:00","dateModified":"2024-04-25T13:53:43+00:00","breadcrumb":{"@id":"https:\/\/www.personalityhr.com\/cz\/souhlas-se-zpracovanim-osobnich-udaju\/#breadcrumb"},"inLanguage":"cz-CZ","potentialAction":[{"@type":"ReadAction","target":["https:\/\/www.personalityhr.com\/cz\/souhlas-se-zpracovanim-osobnich-udaju\/"]}]},{"@type":"BreadcrumbList","@id":"https:\/\/www.personalityhr.com\/cz\/souhlas-se-zpracovanim-osobnich-udaju\/#breadcrumb","itemListElement":[{"@type":"ListItem","position":1,"name":"Domovsk\u00e1 str\u00e1nka","item":"https:\/\/www.personalityhr.com\/cz\/"},{"@type":"ListItem","position":2,"name":"Souhlas se zpracov\u00e1n\u00edm osobn\u00edch \u00fadaj\u016f"}]},{"@type":"WebSite","@id":"https:\/\/www.personalityhr.com\/#website","url":"https:\/\/www.personalityhr.com\/","name":"Personality","description":"","publisher":{"@id":"https:\/\/www.personalityhr.com\/#organization"},"potentialAction":[{"@type":"SearchAction","target":{"@type":"EntryPoint","urlTemplate":"https:\/\/www.personalityhr.com\/?s={search_term_string}"},"query-input":{"@type":"PropertyValueSpecification","valueRequired":true,"valueName":"search_term_string"}}],"inLanguage":"cz-CZ"},{"@type":"Organization","@id":"https:\/\/www.personalityhr.com\/#organization","name":"Personality","url":"https:\/\/www.personalityhr.com\/","logo":{"@type":"ImageObject","inLanguage":"cz-CZ","@id":"https:\/\/www.personalityhr.com\/#\/schema\/logo\/image\/","url":"https:\/\/www.personalityhr.com\/wp-content\/uploads\/2020\/05\/logo-new-black.png","contentUrl":"https:\/\/www.personalityhr.com\/wp-content\/uploads\/2020\/05\/logo-new-black.png","width":176,"height":50,"caption":"Personality"},"image":{"@id":"https:\/\/www.personalityhr.com\/#\/schema\/logo\/image\/"},"sameAs":["https:\/\/www.facebook.com\/PersonalitySKCZ\/","https:\/\/www.linkedin.com\/company\/personalityhr\/","https:\/\/www.youtube.com\/channel\/UCNpM-Pod4mE08n9qF3xeDbw"]}]}},"_links":{"self":[{"href":"https:\/\/www.personalityhr.com\/cz\/wp-json\/wp\/v2\/pages\/3821","targetHints":{"allow":["GET"]}}],"collection":[{"href":"https:\/\/www.personalityhr.com\/cz\/wp-json\/wp\/v2\/pages"}],"about":[{"href":"https:\/\/www.personalityhr.com\/cz\/wp-json\/wp\/v2\/types\/page"}],"author":[{"embeddable":true,"href":"https:\/\/www.personalityhr.com\/cz\/wp-json\/wp\/v2\/users\/3"}],"replies":[{"embeddable":true,"href":"https:\/\/www.personalityhr.com\/cz\/wp-json\/wp\/v2\/comments?post=3821"}],"version-history":[{"count":1,"href":"https:\/\/www.personalityhr.com\/cz\/wp-json\/wp\/v2\/pages\/3821\/revisions"}],"predecessor-version":[{"id":3822,"href":"https:\/\/www.personalityhr.com\/cz\/wp-json\/wp\/v2\/pages\/3821\/revisions\/3822"}],"wp:attachment":[{"href":"https:\/\/www.personalityhr.com\/cz\/wp-json\/wp\/v2\/media?parent=3821"}],"curies":[{"name":"wp","href":"https:\/\/api.w.org\/{rel}","templated":true}]}}